{"id":78,"date":"2019-12-21T14:01:00","date_gmt":"2019-12-21T13:01:00","guid":{"rendered":"https:\/\/www.drquante.de\/?page_id=78"},"modified":"2020-08-25T17:16:38","modified_gmt":"2020-08-25T15:16:38","slug":"vorsorgeuntersuchung","status":"publish","type":"page","link":"https:\/\/www.drquante.de\/?page_id=78","title":{"rendered":"Vorsorgeuntersuchung"},"content":{"rendered":"\n<p>Ab dem 35. Lebensjahr zahlen gesetzliche Krankenkassen alle drei Jahre einen \u201eGesundheits-Check-Up\u201c im Sinne einer Vorsorgeuntersuchung. Die Untersuchung beinhaltet eine k\u00f6rperliche Untersuchung, eine Urinuntersuchung, sowie die Bestimmung von Blutzucker, Triglyceride und Cholesterin (inkl. LDL und HDL-Cholesterin) im Blut. Ein wichtiger Teil des \u201eCheck-Up\u201c ist auch die \u00dcberpr\u00fcfung des Impfpasses auf Vollst\u00e4ndigkeit.<\/p>\n\n\n\n<p>Ab dem 45. Lebensjahr sollten M\u00e4nner einmal pro Jahr die Prostata durch abtasten untersuchen lassen.<\/p>\n\n\n\n<p>M\u00e4nner ab 65 Jahren haben ein Anrecht auf eine einmalige Untersuchung der Aorta auf ein Bauchaortenaneurysma.<\/p>\n\n\n\n<p>Denken sie auch an die Darmkrebsvorsorge in Form einer Darmspiegelung \/ Coloskopie. Die Darmspiegelung f\u00fchren wir nicht selber durch, sondern \u00fcberweisen Sie an den entsprechenden Facharzt. M\u00e4nner sollten sich ab dem 50. Lebensjahr, Frauen ab dem 55. Lebensjahr untersuchen lassen.<\/p>\n\n\n\n<p>Zwischen dem 50. und 54. Lebensjahr wird Frauen ein Stuhltest auf nicht sichtbares Blut im Stuhl empfohlen. Bei M\u00e4nnern gilt diese Stuhluntersuchung als Alternative zu der Darmspiegelung.<\/p>\n\n\n\n<p>Genauere Informationen finden sie auf der Seite der KVWL:<\/p>\n\n\n\n<p><a href=\"https:\/\/www.kvwl.de\/arzt\/kv_dienste\/patienten\/pdf\/vorsorge_check\/vorsorge_checker_flyer.pdf\">https:\/\/www.kvwl.de\/arzt\/kv_dienste\/patienten\/pdf\/vorsorge_check\/vorsorge_checker_flyer.pdf<\/a><\/p>\n\n\n\n<p>Das von der Krankenkasse gezahlte Leistungsspektrum kann auf Wunsch auch sinnvoll erg\u00e4nzt werden &#8211; beispielsweise durch weitere Laborwerte oder Ultraschalluntersuchungen. Hierbei fallen Kosten an, die Sie selbst \u00fcbernehmen m\u00fcssen. Diesbez\u00fcglich beraten wir Sie gerne.<br><br><br><\/p>\n","protected":false},"excerpt":{"rendered":"<p>Ab dem 35. Lebensjahr zahlen gesetzliche Krankenkassen alle drei Jahre einen \u201eGesundheits-Check-Up\u201c im Sinne einer Vorsorgeuntersuchung. Die Untersuchung beinhaltet eine k\u00f6rperliche Untersuchung, eine Urinuntersuchung, sowie die Bestimmung von Blutzucker, Triglyceride und Cholesterin (inkl. LDL und HDL-Cholesterin) im Blut. Ein wichtiger Teil des \u201eCheck-Up\u201c ist auch die \u00dcberpr\u00fcfung des Impfpasses auf Vollst\u00e4ndigkeit. Ab dem 45. Lebensjahr [&hellip;]<\/p>\n","protected":false},"author":1,"featured_media":0,"parent":0,"menu_order":0,"comment_status":"closed","ping_status":"closed","template":"templates\/template-full-width.php","meta":{"footnotes":""},"class_list":["post-78","page","type-page","status-publish","hentry"],"yoast_head":"<!-- This site is optimized with the Yoast SEO plugin v27.5 - https:\/\/yoast.com\/product\/yoast-seo-wordpress\/ -->\n<title>Vorsorgeuntersuchung - Hausarzt M\u00fcnster Dr. Quante<\/title>\n<meta name=\"description\" content=\"Ihr freundlicher Hausarzt und Internist in M\u00fcnster. Praxis Dr. Quante.\" \/>\n<meta name=\"robots\" content=\"index, follow, max-snippet:-1, max-image-preview:large, max-video-preview:-1\" \/>\n<link rel=\"canonical\" href=\"https:\/\/www.drquante.de\/?page_id=78\" \/>\n<meta property=\"og:locale\" content=\"de_DE\" \/>\n<meta property=\"og:type\" content=\"article\" \/>\n<meta property=\"og:title\" content=\"Vorsorgeuntersuchung - Hausarzt M\u00fcnster Dr. Quante\" \/>\n<meta property=\"og:description\" content=\"Ihr freundlicher Hausarzt und Internist in M\u00fcnster. Praxis Dr. Quante.\" \/>\n<meta property=\"og:url\" content=\"https:\/\/www.drquante.de\/?page_id=78\" \/>\n<meta property=\"og:site_name\" content=\"Hausarzt M\u00fcnster Dr. Quante\" \/>\n<meta property=\"article:modified_time\" content=\"2020-08-25T15:16:38+00:00\" \/>\n<meta name=\"twitter:card\" content=\"summary_large_image\" \/>\n<meta name=\"twitter:label1\" content=\"Gesch\u00e4tzte Lesezeit\" \/>\n\t<meta name=\"twitter:data1\" content=\"1\u00a0Minute\" \/>\n<script type=\"application\/ld+json\" class=\"yoast-schema-graph\">{\"@context\":\"https:\\\/\\\/schema.org\",\"@graph\":[{\"@type\":\"WebPage\",\"@id\":\"https:\\\/\\\/www.drquante.de\\\/?page_id=78\",\"url\":\"https:\\\/\\\/www.drquante.de\\\/?page_id=78\",\"name\":\"Vorsorgeuntersuchung - Hausarzt M\u00fcnster Dr. Quante\",\"isPartOf\":{\"@id\":\"https:\\\/\\\/www.drquante.de\\\/#website\"},\"datePublished\":\"2019-12-21T13:01:00+00:00\",\"dateModified\":\"2020-08-25T15:16:38+00:00\",\"description\":\"Ihr freundlicher Hausarzt und Internist in M\u00fcnster. Praxis Dr. Quante.\",\"breadcrumb\":{\"@id\":\"https:\\\/\\\/www.drquante.de\\\/?page_id=78#breadcrumb\"},\"inLanguage\":\"de\",\"potentialAction\":[{\"@type\":\"ReadAction\",\"target\":[\"https:\\\/\\\/www.drquante.de\\\/?page_id=78\"]}]},{\"@type\":\"BreadcrumbList\",\"@id\":\"https:\\\/\\\/www.drquante.de\\\/?page_id=78#breadcrumb\",\"itemListElement\":[{\"@type\":\"ListItem\",\"position\":1,\"name\":\"Startseite\",\"item\":\"https:\\\/\\\/www.drquante.de\\\/\"},{\"@type\":\"ListItem\",\"position\":2,\"name\":\"Vorsorgeuntersuchung\"}]},{\"@type\":\"WebSite\",\"@id\":\"https:\\\/\\\/www.drquante.de\\\/#website\",\"url\":\"https:\\\/\\\/www.drquante.de\\\/\",\"name\":\"Hausarzt M\u00fcnster Dr. Quante\",\"description\":\"\",\"publisher\":{\"@id\":\"https:\\\/\\\/www.drquante.de\\\/#organization\"},\"potentialAction\":[{\"@type\":\"SearchAction\",\"target\":{\"@type\":\"EntryPoint\",\"urlTemplate\":\"https:\\\/\\\/www.drquante.de\\\/?s={search_term_string}\"},\"query-input\":{\"@type\":\"PropertyValueSpecification\",\"valueRequired\":true,\"valueName\":\"search_term_string\"}}],\"inLanguage\":\"de\"},{\"@type\":\"Organization\",\"@id\":\"https:\\\/\\\/www.drquante.de\\\/#organization\",\"name\":\"Internisten und Haus\u00e4rzte - Arztpraxis Dr. Quante\",\"url\":\"https:\\\/\\\/www.drquante.de\\\/\",\"logo\":{\"@type\":\"ImageObject\",\"inLanguage\":\"de\",\"@id\":\"https:\\\/\\\/www.drquante.de\\\/#\\\/schema\\\/logo\\\/image\\\/\",\"url\":\"\",\"contentUrl\":\"\",\"caption\":\"Internisten und Haus\u00e4rzte - Arztpraxis Dr. Quante\"},\"image\":{\"@id\":\"https:\\\/\\\/www.drquante.de\\\/#\\\/schema\\\/logo\\\/image\\\/\"}}]}<\/script>\n<!-- \/ Yoast SEO plugin. -->","yoast_head_json":{"title":"Vorsorgeuntersuchung - Hausarzt M\u00fcnster Dr. Quante","description":"Ihr freundlicher Hausarzt und Internist in M\u00fcnster. Praxis Dr. Quante.","robots":{"index":"index","follow":"follow","max-snippet":"max-snippet:-1","max-image-preview":"max-image-preview:large","max-video-preview":"max-video-preview:-1"},"canonical":"https:\/\/www.drquante.de\/?page_id=78","og_locale":"de_DE","og_type":"article","og_title":"Vorsorgeuntersuchung - Hausarzt M\u00fcnster Dr. Quante","og_description":"Ihr freundlicher Hausarzt und Internist in M\u00fcnster. Praxis Dr. Quante.","og_url":"https:\/\/www.drquante.de\/?page_id=78","og_site_name":"Hausarzt M\u00fcnster Dr. Quante","article_modified_time":"2020-08-25T15:16:38+00:00","twitter_card":"summary_large_image","twitter_misc":{"Gesch\u00e4tzte Lesezeit":"1\u00a0Minute"},"schema":{"@context":"https:\/\/schema.org","@graph":[{"@type":"WebPage","@id":"https:\/\/www.drquante.de\/?page_id=78","url":"https:\/\/www.drquante.de\/?page_id=78","name":"Vorsorgeuntersuchung - Hausarzt M\u00fcnster Dr. Quante","isPartOf":{"@id":"https:\/\/www.drquante.de\/#website"},"datePublished":"2019-12-21T13:01:00+00:00","dateModified":"2020-08-25T15:16:38+00:00","description":"Ihr freundlicher Hausarzt und Internist in M\u00fcnster. Praxis Dr. Quante.","breadcrumb":{"@id":"https:\/\/www.drquante.de\/?page_id=78#breadcrumb"},"inLanguage":"de","potentialAction":[{"@type":"ReadAction","target":["https:\/\/www.drquante.de\/?page_id=78"]}]},{"@type":"BreadcrumbList","@id":"https:\/\/www.drquante.de\/?page_id=78#breadcrumb","itemListElement":[{"@type":"ListItem","position":1,"name":"Startseite","item":"https:\/\/www.drquante.de\/"},{"@type":"ListItem","position":2,"name":"Vorsorgeuntersuchung"}]},{"@type":"WebSite","@id":"https:\/\/www.drquante.de\/#website","url":"https:\/\/www.drquante.de\/","name":"Hausarzt M\u00fcnster Dr. Quante","description":"","publisher":{"@id":"https:\/\/www.drquante.de\/#organization"},"potentialAction":[{"@type":"SearchAction","target":{"@type":"EntryPoint","urlTemplate":"https:\/\/www.drquante.de\/?s={search_term_string}"},"query-input":{"@type":"PropertyValueSpecification","valueRequired":true,"valueName":"search_term_string"}}],"inLanguage":"de"},{"@type":"Organization","@id":"https:\/\/www.drquante.de\/#organization","name":"Internisten und Haus\u00e4rzte - Arztpraxis Dr. Quante","url":"https:\/\/www.drquante.de\/","logo":{"@type":"ImageObject","inLanguage":"de","@id":"https:\/\/www.drquante.de\/#\/schema\/logo\/image\/","url":"","contentUrl":"","caption":"Internisten und Haus\u00e4rzte - Arztpraxis Dr. Quante"},"image":{"@id":"https:\/\/www.drquante.de\/#\/schema\/logo\/image\/"}}]}},"_links":{"self":[{"href":"https:\/\/www.drquante.de\/index.php?rest_route=\/wp\/v2\/pages\/78","targetHints":{"allow":["GET"]}}],"collection":[{"href":"https:\/\/www.drquante.de\/index.php?rest_route=\/wp\/v2\/pages"}],"about":[{"href":"https:\/\/www.drquante.de\/index.php?rest_route=\/wp\/v2\/types\/page"}],"author":[{"embeddable":true,"href":"https:\/\/www.drquante.de\/index.php?rest_route=\/wp\/v2\/users\/1"}],"replies":[{"embeddable":true,"href":"https:\/\/www.drquante.de\/index.php?rest_route=%2Fwp%2Fv2%2Fcomments&post=78"}],"version-history":[{"count":2,"href":"https:\/\/www.drquante.de\/index.php?rest_route=\/wp\/v2\/pages\/78\/revisions"}],"predecessor-version":[{"id":199,"href":"https:\/\/www.drquante.de\/index.php?rest_route=\/wp\/v2\/pages\/78\/revisions\/199"}],"wp:attachment":[{"href":"https:\/\/www.drquante.de\/index.php?rest_route=%2Fwp%2Fv2%2Fmedia&parent=78"}],"curies":[{"name":"wp","href":"https:\/\/api.w.org\/{rel}","templated":true}]}}