{"id":66,"date":"2019-12-21T13:55:44","date_gmt":"2019-12-21T12:55:44","guid":{"rendered":"https:\/\/www.drquante.de\/?page_id=66"},"modified":"2020-08-25T17:16:12","modified_gmt":"2020-08-25T15:16:12","slug":"ultraschall-untersuchung","status":"publish","type":"page","link":"https:\/\/www.drquante.de\/?page_id=66","title":{"rendered":"Ultraschall Untersuchung"},"content":{"rendered":"\n<p>Bei der Sonographie, bekannt als Ultraschall-Untersuchung,werden zum Beispiel die Bauchorgane oder die Schilddr\u00fcse mittels Ultraschallwellen bildlich dargestellt und beurteilt. Diese Untersuchung ist schmerzlos und nebenwirkungsfrei. Vor der Untersuchung der Bauchorgane sollten Patienten m\u00f6glichst mehrere Stunden nichts getrunken oder gegessen haben. Daher wird diese Untersuchung von uns meist morgens zwischen 8:00 und 9:00 Uhr durchgef\u00fchrt.<br><br>Wir f\u00fchren Ultraschalluntersuchung der Schilddr\u00fcse zum Beispiel bei Schilddr\u00fcsenunterfunktion, Schilddr\u00fcsen\u00fcberfunktion oder Schilddr\u00fcsenknoten durch.<br><br>Ein Grund f\u00fcr die Ultraschalluntersuchung der Bauchorgane ist neben vielen anderen Indikationen zum Beispiel eine Leberwerterh\u00f6hung, eine Niereninsuffizienz oder ein Aortenaneurysma.<br><br><\/p>\n","protected":false},"excerpt":{"rendered":"<p>Bei der Sonographie, bekannt als Ultraschall-Untersuchung,werden zum Beispiel die Bauchorgane oder die Schilddr\u00fcse mittels Ultraschallwellen bildlich dargestellt und beurteilt. Diese Untersuchung ist schmerzlos und nebenwirkungsfrei. Vor der Untersuchung der Bauchorgane sollten Patienten m\u00f6glichst mehrere Stunden nichts getrunken oder gegessen haben. Daher wird diese Untersuchung von uns meist morgens zwischen 8:00 und 9:00 Uhr durchgef\u00fchrt. Wir [&hellip;]<\/p>\n","protected":false},"author":1,"featured_media":0,"parent":0,"menu_order":0,"comment_status":"closed","ping_status":"closed","template":"templates\/template-full-width.php","meta":{"footnotes":""},"class_list":["post-66","page","type-page","status-publish","hentry"],"yoast_head":"<!-- This site is optimized with the Yoast SEO plugin v27.5 - https:\/\/yoast.com\/product\/yoast-seo-wordpress\/ -->\n<title>Ultraschall Untersuchung - Hausarzt M\u00fcnster Dr. Quante<\/title>\n<meta name=\"description\" content=\"Ihr freundlicher Hausarzt und Internist in M\u00fcnster. Praxis Dr. Quante.\" \/>\n<meta name=\"robots\" content=\"index, follow, max-snippet:-1, max-image-preview:large, max-video-preview:-1\" \/>\n<link rel=\"canonical\" href=\"https:\/\/www.drquante.de\/?page_id=66\" \/>\n<meta property=\"og:locale\" content=\"de_DE\" \/>\n<meta property=\"og:type\" content=\"article\" \/>\n<meta property=\"og:title\" content=\"Ultraschall Untersuchung - Hausarzt M\u00fcnster Dr. Quante\" \/>\n<meta property=\"og:description\" content=\"Ihr freundlicher Hausarzt und Internist in M\u00fcnster. Praxis Dr. Quante.\" \/>\n<meta property=\"og:url\" content=\"https:\/\/www.drquante.de\/?page_id=66\" \/>\n<meta property=\"og:site_name\" content=\"Hausarzt M\u00fcnster Dr. Quante\" \/>\n<meta property=\"article:modified_time\" content=\"2020-08-25T15:16:12+00:00\" \/>\n<meta name=\"twitter:card\" content=\"summary_large_image\" \/>\n<script type=\"application\/ld+json\" class=\"yoast-schema-graph\">{\"@context\":\"https:\\\/\\\/schema.org\",\"@graph\":[{\"@type\":\"WebPage\",\"@id\":\"https:\\\/\\\/www.drquante.de\\\/?page_id=66\",\"url\":\"https:\\\/\\\/www.drquante.de\\\/?page_id=66\",\"name\":\"Ultraschall Untersuchung - Hausarzt M\u00fcnster Dr. Quante\",\"isPartOf\":{\"@id\":\"https:\\\/\\\/www.drquante.de\\\/#website\"},\"datePublished\":\"2019-12-21T12:55:44+00:00\",\"dateModified\":\"2020-08-25T15:16:12+00:00\",\"description\":\"Ihr freundlicher Hausarzt und Internist in M\u00fcnster. Praxis Dr. Quante.\",\"breadcrumb\":{\"@id\":\"https:\\\/\\\/www.drquante.de\\\/?page_id=66#breadcrumb\"},\"inLanguage\":\"de\",\"potentialAction\":[{\"@type\":\"ReadAction\",\"target\":[\"https:\\\/\\\/www.drquante.de\\\/?page_id=66\"]}]},{\"@type\":\"BreadcrumbList\",\"@id\":\"https:\\\/\\\/www.drquante.de\\\/?page_id=66#breadcrumb\",\"itemListElement\":[{\"@type\":\"ListItem\",\"position\":1,\"name\":\"Startseite\",\"item\":\"https:\\\/\\\/www.drquante.de\\\/\"},{\"@type\":\"ListItem\",\"position\":2,\"name\":\"Ultraschall Untersuchung\"}]},{\"@type\":\"WebSite\",\"@id\":\"https:\\\/\\\/www.drquante.de\\\/#website\",\"url\":\"https:\\\/\\\/www.drquante.de\\\/\",\"name\":\"Hausarzt M\u00fcnster Dr. Quante\",\"description\":\"\",\"publisher\":{\"@id\":\"https:\\\/\\\/www.drquante.de\\\/#organization\"},\"potentialAction\":[{\"@type\":\"SearchAction\",\"target\":{\"@type\":\"EntryPoint\",\"urlTemplate\":\"https:\\\/\\\/www.drquante.de\\\/?s={search_term_string}\"},\"query-input\":{\"@type\":\"PropertyValueSpecification\",\"valueRequired\":true,\"valueName\":\"search_term_string\"}}],\"inLanguage\":\"de\"},{\"@type\":\"Organization\",\"@id\":\"https:\\\/\\\/www.drquante.de\\\/#organization\",\"name\":\"Internisten und Haus\u00e4rzte - Arztpraxis Dr. Quante\",\"url\":\"https:\\\/\\\/www.drquante.de\\\/\",\"logo\":{\"@type\":\"ImageObject\",\"inLanguage\":\"de\",\"@id\":\"https:\\\/\\\/www.drquante.de\\\/#\\\/schema\\\/logo\\\/image\\\/\",\"url\":\"\",\"contentUrl\":\"\",\"caption\":\"Internisten und Haus\u00e4rzte - Arztpraxis Dr. Quante\"},\"image\":{\"@id\":\"https:\\\/\\\/www.drquante.de\\\/#\\\/schema\\\/logo\\\/image\\\/\"}}]}<\/script>\n<!-- \/ Yoast SEO plugin. -->","yoast_head_json":{"title":"Ultraschall Untersuchung - Hausarzt M\u00fcnster Dr. Quante","description":"Ihr freundlicher Hausarzt und Internist in M\u00fcnster. Praxis Dr. Quante.","robots":{"index":"index","follow":"follow","max-snippet":"max-snippet:-1","max-image-preview":"max-image-preview:large","max-video-preview":"max-video-preview:-1"},"canonical":"https:\/\/www.drquante.de\/?page_id=66","og_locale":"de_DE","og_type":"article","og_title":"Ultraschall Untersuchung - Hausarzt M\u00fcnster Dr. Quante","og_description":"Ihr freundlicher Hausarzt und Internist in M\u00fcnster. Praxis Dr. Quante.","og_url":"https:\/\/www.drquante.de\/?page_id=66","og_site_name":"Hausarzt M\u00fcnster Dr. Quante","article_modified_time":"2020-08-25T15:16:12+00:00","twitter_card":"summary_large_image","schema":{"@context":"https:\/\/schema.org","@graph":[{"@type":"WebPage","@id":"https:\/\/www.drquante.de\/?page_id=66","url":"https:\/\/www.drquante.de\/?page_id=66","name":"Ultraschall Untersuchung - Hausarzt M\u00fcnster Dr. Quante","isPartOf":{"@id":"https:\/\/www.drquante.de\/#website"},"datePublished":"2019-12-21T12:55:44+00:00","dateModified":"2020-08-25T15:16:12+00:00","description":"Ihr freundlicher Hausarzt und Internist in M\u00fcnster. Praxis Dr. Quante.","breadcrumb":{"@id":"https:\/\/www.drquante.de\/?page_id=66#breadcrumb"},"inLanguage":"de","potentialAction":[{"@type":"ReadAction","target":["https:\/\/www.drquante.de\/?page_id=66"]}]},{"@type":"BreadcrumbList","@id":"https:\/\/www.drquante.de\/?page_id=66#breadcrumb","itemListElement":[{"@type":"ListItem","position":1,"name":"Startseite","item":"https:\/\/www.drquante.de\/"},{"@type":"ListItem","position":2,"name":"Ultraschall Untersuchung"}]},{"@type":"WebSite","@id":"https:\/\/www.drquante.de\/#website","url":"https:\/\/www.drquante.de\/","name":"Hausarzt M\u00fcnster Dr. Quante","description":"","publisher":{"@id":"https:\/\/www.drquante.de\/#organization"},"potentialAction":[{"@type":"SearchAction","target":{"@type":"EntryPoint","urlTemplate":"https:\/\/www.drquante.de\/?s={search_term_string}"},"query-input":{"@type":"PropertyValueSpecification","valueRequired":true,"valueName":"search_term_string"}}],"inLanguage":"de"},{"@type":"Organization","@id":"https:\/\/www.drquante.de\/#organization","name":"Internisten und Haus\u00e4rzte - Arztpraxis Dr. Quante","url":"https:\/\/www.drquante.de\/","logo":{"@type":"ImageObject","inLanguage":"de","@id":"https:\/\/www.drquante.de\/#\/schema\/logo\/image\/","url":"","contentUrl":"","caption":"Internisten und Haus\u00e4rzte - Arztpraxis Dr. Quante"},"image":{"@id":"https:\/\/www.drquante.de\/#\/schema\/logo\/image\/"}}]}},"_links":{"self":[{"href":"https:\/\/www.drquante.de\/index.php?rest_route=\/wp\/v2\/pages\/66","targetHints":{"allow":["GET"]}}],"collection":[{"href":"https:\/\/www.drquante.de\/index.php?rest_route=\/wp\/v2\/pages"}],"about":[{"href":"https:\/\/www.drquante.de\/index.php?rest_route=\/wp\/v2\/types\/page"}],"author":[{"embeddable":true,"href":"https:\/\/www.drquante.de\/index.php?rest_route=\/wp\/v2\/users\/1"}],"replies":[{"embeddable":true,"href":"https:\/\/www.drquante.de\/index.php?rest_route=%2Fwp%2Fv2%2Fcomments&post=66"}],"version-history":[{"count":2,"href":"https:\/\/www.drquante.de\/index.php?rest_route=\/wp\/v2\/pages\/66\/revisions"}],"predecessor-version":[{"id":198,"href":"https:\/\/www.drquante.de\/index.php?rest_route=\/wp\/v2\/pages\/66\/revisions\/198"}],"wp:attachment":[{"href":"https:\/\/www.drquante.de\/index.php?rest_route=%2Fwp%2Fv2%2Fmedia&parent=66"}],"curies":[{"name":"wp","href":"https:\/\/api.w.org\/{rel}","templated":true}]}}