{"id":56,"date":"2019-12-21T13:41:31","date_gmt":"2019-12-21T12:41:31","guid":{"rendered":"https:\/\/www.drquante.de\/?page_id=56"},"modified":"2020-01-30T19:36:42","modified_gmt":"2020-01-30T18:36:42","slug":"aerztliche-leistungen","status":"publish","type":"page","link":"https:\/\/www.drquante.de\/?page_id=56","title":{"rendered":"\u00c4rztliche Leistungen"},"content":{"rendered":"\n<p>Als Ihr Hausarzt in M\u00fcnster verstehen wir uns als Ihr erster Ansprechpartner bei medizinischen Fragen und Problemen. Im Gespr\u00e4ch und durch die Untersuchungen versuchen wir, eine zuverl\u00e4ssige Diagnose zu stellen. Wir sprechen mit Ihnen \u00fcber Ihre Erkrankung und m\u00f6gliche Therapieoptionen und versorgen Sie mit m\u00f6glichst umfassenden Informationen und Tipps.\u00a0<br><br>Auf den weiteren Unterseiten dieser Rubrik finden sich einen \u00dcberblick \u00fcber unsere Leistungen im erweiterten Umfang der haus\u00e4rztlichen unter internistischen Versorgung.<br><br><br><\/p>\n","protected":false},"excerpt":{"rendered":"<p>Als Ihr Hausarzt in M\u00fcnster verstehen wir uns als Ihr erster Ansprechpartner bei medizinischen Fragen und Problemen. Im Gespr\u00e4ch und durch die Untersuchungen versuchen wir, eine zuverl\u00e4ssige Diagnose zu stellen. Wir sprechen mit Ihnen \u00fcber Ihre Erkrankung und m\u00f6gliche Therapieoptionen und versorgen Sie mit m\u00f6glichst umfassenden Informationen und Tipps.\u00a0 Auf den weiteren Unterseiten dieser Rubrik [&hellip;]<\/p>\n","protected":false},"author":1,"featured_media":0,"parent":0,"menu_order":0,"comment_status":"closed","ping_status":"closed","template":"","meta":{"footnotes":""},"class_list":["post-56","page","type-page","status-publish","hentry"],"yoast_head":"<!-- This site is optimized with the Yoast SEO plugin v27.5 - https:\/\/yoast.com\/product\/yoast-seo-wordpress\/ -->\n<title>\u00c4rztliche Leistungen - Hausarzt M\u00fcnster Dr. Quante<\/title>\n<meta name=\"description\" content=\"Ihr freundlicher Hausarzt und Internist in M\u00fcnster. Praxis Dr. Quante.\" \/>\n<meta name=\"robots\" content=\"index, follow, max-snippet:-1, max-image-preview:large, max-video-preview:-1\" \/>\n<link rel=\"canonical\" href=\"https:\/\/www.drquante.de\/?page_id=56\" \/>\n<meta property=\"og:locale\" content=\"de_DE\" \/>\n<meta property=\"og:type\" content=\"article\" \/>\n<meta property=\"og:title\" content=\"\u00c4rztliche Leistungen - Hausarzt M\u00fcnster Dr. Quante\" \/>\n<meta property=\"og:description\" content=\"Ihr freundlicher Hausarzt und Internist in M\u00fcnster. Praxis Dr. Quante.\" \/>\n<meta property=\"og:url\" content=\"https:\/\/www.drquante.de\/?page_id=56\" \/>\n<meta property=\"og:site_name\" content=\"Hausarzt M\u00fcnster Dr. Quante\" \/>\n<meta property=\"article:modified_time\" content=\"2020-01-30T18:36:42+00:00\" \/>\n<meta name=\"twitter:card\" content=\"summary_large_image\" \/>\n<script type=\"application\/ld+json\" class=\"yoast-schema-graph\">{\"@context\":\"https:\\\/\\\/schema.org\",\"@graph\":[{\"@type\":\"WebPage\",\"@id\":\"https:\\\/\\\/www.drquante.de\\\/?page_id=56\",\"url\":\"https:\\\/\\\/www.drquante.de\\\/?page_id=56\",\"name\":\"\u00c4rztliche Leistungen - Hausarzt M\u00fcnster Dr. Quante\",\"isPartOf\":{\"@id\":\"https:\\\/\\\/www.drquante.de\\\/#website\"},\"datePublished\":\"2019-12-21T12:41:31+00:00\",\"dateModified\":\"2020-01-30T18:36:42+00:00\",\"description\":\"Ihr freundlicher Hausarzt und Internist in M\u00fcnster. Praxis Dr. Quante.\",\"breadcrumb\":{\"@id\":\"https:\\\/\\\/www.drquante.de\\\/?page_id=56#breadcrumb\"},\"inLanguage\":\"de\",\"potentialAction\":[{\"@type\":\"ReadAction\",\"target\":[\"https:\\\/\\\/www.drquante.de\\\/?page_id=56\"]}]},{\"@type\":\"BreadcrumbList\",\"@id\":\"https:\\\/\\\/www.drquante.de\\\/?page_id=56#breadcrumb\",\"itemListElement\":[{\"@type\":\"ListItem\",\"position\":1,\"name\":\"Startseite\",\"item\":\"https:\\\/\\\/www.drquante.de\\\/\"},{\"@type\":\"ListItem\",\"position\":2,\"name\":\"\u00c4rztliche Leistungen\"}]},{\"@type\":\"WebSite\",\"@id\":\"https:\\\/\\\/www.drquante.de\\\/#website\",\"url\":\"https:\\\/\\\/www.drquante.de\\\/\",\"name\":\"Hausarzt M\u00fcnster Dr. Quante\",\"description\":\"\",\"publisher\":{\"@id\":\"https:\\\/\\\/www.drquante.de\\\/#organization\"},\"potentialAction\":[{\"@type\":\"SearchAction\",\"target\":{\"@type\":\"EntryPoint\",\"urlTemplate\":\"https:\\\/\\\/www.drquante.de\\\/?s={search_term_string}\"},\"query-input\":{\"@type\":\"PropertyValueSpecification\",\"valueRequired\":true,\"valueName\":\"search_term_string\"}}],\"inLanguage\":\"de\"},{\"@type\":\"Organization\",\"@id\":\"https:\\\/\\\/www.drquante.de\\\/#organization\",\"name\":\"Internisten und Haus\u00e4rzte - Arztpraxis Dr. Quante\",\"url\":\"https:\\\/\\\/www.drquante.de\\\/\",\"logo\":{\"@type\":\"ImageObject\",\"inLanguage\":\"de\",\"@id\":\"https:\\\/\\\/www.drquante.de\\\/#\\\/schema\\\/logo\\\/image\\\/\",\"url\":\"\",\"contentUrl\":\"\",\"caption\":\"Internisten und Haus\u00e4rzte - Arztpraxis Dr. Quante\"},\"image\":{\"@id\":\"https:\\\/\\\/www.drquante.de\\\/#\\\/schema\\\/logo\\\/image\\\/\"}}]}<\/script>\n<!-- \/ Yoast SEO plugin. -->","yoast_head_json":{"title":"\u00c4rztliche Leistungen - Hausarzt M\u00fcnster Dr. Quante","description":"Ihr freundlicher Hausarzt und Internist in M\u00fcnster. Praxis Dr. Quante.","robots":{"index":"index","follow":"follow","max-snippet":"max-snippet:-1","max-image-preview":"max-image-preview:large","max-video-preview":"max-video-preview:-1"},"canonical":"https:\/\/www.drquante.de\/?page_id=56","og_locale":"de_DE","og_type":"article","og_title":"\u00c4rztliche Leistungen - Hausarzt M\u00fcnster Dr. Quante","og_description":"Ihr freundlicher Hausarzt und Internist in M\u00fcnster. Praxis Dr. Quante.","og_url":"https:\/\/www.drquante.de\/?page_id=56","og_site_name":"Hausarzt M\u00fcnster Dr. Quante","article_modified_time":"2020-01-30T18:36:42+00:00","twitter_card":"summary_large_image","schema":{"@context":"https:\/\/schema.org","@graph":[{"@type":"WebPage","@id":"https:\/\/www.drquante.de\/?page_id=56","url":"https:\/\/www.drquante.de\/?page_id=56","name":"\u00c4rztliche Leistungen - Hausarzt M\u00fcnster Dr. Quante","isPartOf":{"@id":"https:\/\/www.drquante.de\/#website"},"datePublished":"2019-12-21T12:41:31+00:00","dateModified":"2020-01-30T18:36:42+00:00","description":"Ihr freundlicher Hausarzt und Internist in M\u00fcnster. Praxis Dr. Quante.","breadcrumb":{"@id":"https:\/\/www.drquante.de\/?page_id=56#breadcrumb"},"inLanguage":"de","potentialAction":[{"@type":"ReadAction","target":["https:\/\/www.drquante.de\/?page_id=56"]}]},{"@type":"BreadcrumbList","@id":"https:\/\/www.drquante.de\/?page_id=56#breadcrumb","itemListElement":[{"@type":"ListItem","position":1,"name":"Startseite","item":"https:\/\/www.drquante.de\/"},{"@type":"ListItem","position":2,"name":"\u00c4rztliche Leistungen"}]},{"@type":"WebSite","@id":"https:\/\/www.drquante.de\/#website","url":"https:\/\/www.drquante.de\/","name":"Hausarzt M\u00fcnster Dr. Quante","description":"","publisher":{"@id":"https:\/\/www.drquante.de\/#organization"},"potentialAction":[{"@type":"SearchAction","target":{"@type":"EntryPoint","urlTemplate":"https:\/\/www.drquante.de\/?s={search_term_string}"},"query-input":{"@type":"PropertyValueSpecification","valueRequired":true,"valueName":"search_term_string"}}],"inLanguage":"de"},{"@type":"Organization","@id":"https:\/\/www.drquante.de\/#organization","name":"Internisten und Haus\u00e4rzte - Arztpraxis Dr. Quante","url":"https:\/\/www.drquante.de\/","logo":{"@type":"ImageObject","inLanguage":"de","@id":"https:\/\/www.drquante.de\/#\/schema\/logo\/image\/","url":"","contentUrl":"","caption":"Internisten und Haus\u00e4rzte - Arztpraxis Dr. Quante"},"image":{"@id":"https:\/\/www.drquante.de\/#\/schema\/logo\/image\/"}}]}},"_links":{"self":[{"href":"https:\/\/www.drquante.de\/index.php?rest_route=\/wp\/v2\/pages\/56","targetHints":{"allow":["GET"]}}],"collection":[{"href":"https:\/\/www.drquante.de\/index.php?rest_route=\/wp\/v2\/pages"}],"about":[{"href":"https:\/\/www.drquante.de\/index.php?rest_route=\/wp\/v2\/types\/page"}],"author":[{"embeddable":true,"href":"https:\/\/www.drquante.de\/index.php?rest_route=\/wp\/v2\/users\/1"}],"replies":[{"embeddable":true,"href":"https:\/\/www.drquante.de\/index.php?rest_route=%2Fwp%2Fv2%2Fcomments&post=56"}],"version-history":[{"count":4,"href":"https:\/\/www.drquante.de\/index.php?rest_route=\/wp\/v2\/pages\/56\/revisions"}],"predecessor-version":[{"id":363,"href":"https:\/\/www.drquante.de\/index.php?rest_route=\/wp\/v2\/pages\/56\/revisions\/363"}],"wp:attachment":[{"href":"https:\/\/www.drquante.de\/index.php?rest_route=%2Fwp%2Fv2%2Fmedia&parent=56"}],"curies":[{"name":"wp","href":"https:\/\/api.w.org\/{rel}","templated":true}]}}