{"id":2,"date":"2016-05-10T03:48:21","date_gmt":"2016-05-10T03:48:21","guid":{"rendered":"http:\/\/drquante.de\/?page_id=2"},"modified":"2025-12-16T08:51:54","modified_gmt":"2025-12-16T07:51:54","slug":"home","status":"publish","type":"page","link":"https:\/\/www.drquante.de\/","title":{"rendered":"Dr. Quante &#8211; Internisten und Haus\u00e4rzte in M\u00fcnster"},"content":{"rendered":"\n<p class=\"has-text-align-center\"><\/p>\n\n\n\n<div class=\"wp-block-group\"><div class=\"wp-block-group__inner-container is-layout-constrained wp-block-group-is-layout-constrained\">\n<p><strong>*Weihnachtsferien*<\/strong><\/p>\n\n\n\n<p>Unsere Praxis bleibt vom 24.12.2025 bis zum 04.01.2026 geschlossen. Ab Montag den 05.01.2026 sind wir wieder f\u00fcr Sie da.<\/p>\n\n\n\n<p>Die Vertretung \u00fcbernimmt:<\/p>\n\n\n\n<p>Am 24.12. und 31.12. sowie an den Feiertagen:<\/p>\n\n\n\n<p>Notdienstpraxis der KVWL an der Raphaelsklinik<\/p>\n\n\n\n<p>Loerstrasse 23<\/p>\n\n\n\n<p>TEL.: 0251-50070<\/p>\n\n\n\n<p>Vom 29.12.2025 bis 02.01.2026:<\/p>\n\n\n\n<p>Dr. M\u00fcnster<\/p>\n\n\n\n<p>Kappenberger Damm 16<\/p>\n\n\n\n<p>TEL.: 0251-73926<\/p>\n\n\n\n<p>Und zus\u00e4tzlich am 28.12. und 29.12.2025:<\/p>\n\n\n\n<p>Dr. L\u00fcrmann&nbsp;<\/p>\n\n\n\n<p>Sentruper Stra\u00dfe 23<\/p>\n\n\n\n<p>0251-81518<\/p>\n\n\n\n<p><\/p>\n\n\n\n<p><\/p>\n\n\n\n<p><\/p>\n\n\n\n<p><\/p>\n\n\n\n<p><\/p>\n\n\n\n<p><\/p>\n<\/div><\/div>\n\n\n\n<p class=\"home1\">Liebe Patientinnen und Patienten,<br>wir begr\u00fc\u00dfen Sie herzlich auf der Homepage unserer Arztpraxis.&nbsp;<br>Auf diesen Webseiten m\u00f6chten wir uns bei Ihnen vorstellen und einen Einblick in unsere haus\u00e4rztliche Praxis an der Burgstra\u00dfe&nbsp; 31 in M\u00fcnster (Geistviertel) vermitteln. Sie lernen unser Team kennen und gewinnen einen \u00dcberblick \u00fcber die Untersuchungsmethoden, die in der Praxis durchgef\u00fchrt werden. Nat\u00fcrlich m\u00f6chten wir Ihnen besonders unsere \u00c4rzte <a href=\"https:\/\/www.drquante.de\/?page_id=11\">Markus Quante<\/a> und <a href=\"https:\/\/www.drquante.de\/?page_id=13\">Tobias Quante<\/a> vorstellen.<br><br><em># Internist  # Allgemeinarzt # Hausarzt M\u00fcnster<\/em><\/p>\n\n\n\n<blockquote class=\"wp-block-quote home2 is-layout-flow wp-block-quote-is-layout-flow\">\n<p>Wir bem\u00fchen uns sehr darum, unseren Patientinnen und Patienten Wartezeiten zu ersparen. Wir bitten Sie daher, sich immer telefonisch anzumelden &#8211; auch bei akuten Erkrankungen. Da wir als Hausarztpraxis viele Menschen mit akuten Erkrankungen behandeln, l\u00e4sst sich eine gewisse Wartezeit &#8211; trotz bestm\u00f6glicher Organisation der Praxis &#8211; leider oft nicht vermeiden. Patientinnen und Patienten mit Termin haben Vorrang.<\/p>\n<cite><em>Dr. med. Markus Quante und Tobias Quante<\/em>, Hausarzt M\u00fcnster<br><br><\/cite><\/blockquote>\n","protected":false},"excerpt":{"rendered":"<p>*Weihnachtsferien* Unsere Praxis bleibt vom 24.12.2025 bis zum 04.01.2026 geschlossen. Ab Montag den 05.01.2026 sind wir wieder f\u00fcr Sie da. Die Vertretung \u00fcbernimmt: Am 24.12. und 31.12. sowie an den Feiertagen: Notdienstpraxis der KVWL an der Raphaelsklinik Loerstrasse 23 TEL.: 0251-50070 Vom 29.12.2025 bis 02.01.2026: Dr. M\u00fcnster Kappenberger Damm 16 TEL.: 0251-73926 Und zus\u00e4tzlich am [&hellip;]<\/p>\n","protected":false},"author":1,"featured_media":0,"parent":0,"menu_order":0,"comment_status":"closed","ping_status":"open","template":"templates\/template-cover.php","meta":{"footnotes":""},"class_list":["post-2","page","type-page","status-publish","hentry"],"yoast_head":"<!-- This site is optimized with the Yoast SEO plugin v27.3 - https:\/\/yoast.com\/product\/yoast-seo-wordpress\/ -->\n<title>Hausarzt M\u00fcnster - Internistische Praxis Dr. Quante<\/title>\n<meta name=\"description\" content=\"Ihr freundlicher Hausarzt und Internist in M\u00fcnster. Praxis Dr. Quante.\" \/>\n<meta name=\"robots\" content=\"index, follow, max-snippet:-1, max-image-preview:large, max-video-preview:-1\" \/>\n<link rel=\"canonical\" href=\"https:\/\/www.drquante.de\/\" \/>\n<meta property=\"og:locale\" content=\"de_DE\" \/>\n<meta property=\"og:type\" content=\"article\" \/>\n<meta property=\"og:title\" content=\"Hausarzt M\u00fcnster - Internistische Praxis Dr. Quante\" \/>\n<meta property=\"og:description\" content=\"Ihr freundlicher Hausarzt und Internist in M\u00fcnster. Praxis Dr. Quante.\" \/>\n<meta property=\"og:url\" content=\"https:\/\/www.drquante.de\/\" \/>\n<meta property=\"og:site_name\" content=\"Hausarzt M\u00fcnster Dr. Quante\" \/>\n<meta property=\"article:modified_time\" content=\"2025-12-16T07:51:54+00:00\" \/>\n<meta name=\"twitter:card\" content=\"summary_large_image\" \/>\n<meta name=\"twitter:label1\" content=\"Gesch\u00e4tzte Lesezeit\" \/>\n\t<meta name=\"twitter:data1\" content=\"1\u00a0Minute\" \/>\n<script type=\"application\/ld+json\" class=\"yoast-schema-graph\">{\"@context\":\"https:\\\/\\\/schema.org\",\"@graph\":[{\"@type\":\"WebPage\",\"@id\":\"https:\\\/\\\/www.drquante.de\\\/\",\"url\":\"https:\\\/\\\/www.drquante.de\\\/\",\"name\":\"Hausarzt M\u00fcnster - Internistische Praxis Dr. Quante\",\"isPartOf\":{\"@id\":\"https:\\\/\\\/www.drquante.de\\\/#website\"},\"datePublished\":\"2016-05-10T03:48:21+00:00\",\"dateModified\":\"2025-12-16T07:51:54+00:00\",\"description\":\"Ihr freundlicher Hausarzt und Internist in M\u00fcnster. Praxis Dr. Quante.\",\"breadcrumb\":{\"@id\":\"https:\\\/\\\/www.drquante.de\\\/#breadcrumb\"},\"inLanguage\":\"de\",\"potentialAction\":[{\"@type\":\"ReadAction\",\"target\":[\"https:\\\/\\\/www.drquante.de\\\/\"]}]},{\"@type\":\"BreadcrumbList\",\"@id\":\"https:\\\/\\\/www.drquante.de\\\/#breadcrumb\",\"itemListElement\":[{\"@type\":\"ListItem\",\"position\":1,\"name\":\"Startseite\",\"item\":\"https:\\\/\\\/www.drquante.de\\\/\"},{\"@type\":\"ListItem\",\"position\":2,\"name\":\"Dr. Quante &#8211; Internisten und Haus\u00e4rzte in M\u00fcnster\"}]},{\"@type\":\"WebSite\",\"@id\":\"https:\\\/\\\/www.drquante.de\\\/#website\",\"url\":\"https:\\\/\\\/www.drquante.de\\\/\",\"name\":\"Hausarzt M\u00fcnster Dr. Quante\",\"description\":\"\",\"publisher\":{\"@id\":\"https:\\\/\\\/www.drquante.de\\\/#organization\"},\"potentialAction\":[{\"@type\":\"SearchAction\",\"target\":{\"@type\":\"EntryPoint\",\"urlTemplate\":\"https:\\\/\\\/www.drquante.de\\\/?s={search_term_string}\"},\"query-input\":{\"@type\":\"PropertyValueSpecification\",\"valueRequired\":true,\"valueName\":\"search_term_string\"}}],\"inLanguage\":\"de\"},{\"@type\":\"Organization\",\"@id\":\"https:\\\/\\\/www.drquante.de\\\/#organization\",\"name\":\"Internisten und Haus\u00e4rzte - Arztpraxis Dr. Quante\",\"url\":\"https:\\\/\\\/www.drquante.de\\\/\",\"logo\":{\"@type\":\"ImageObject\",\"inLanguage\":\"de\",\"@id\":\"https:\\\/\\\/www.drquante.de\\\/#\\\/schema\\\/logo\\\/image\\\/\",\"url\":\"\",\"contentUrl\":\"\",\"caption\":\"Internisten und Haus\u00e4rzte - Arztpraxis Dr. Quante\"},\"image\":{\"@id\":\"https:\\\/\\\/www.drquante.de\\\/#\\\/schema\\\/logo\\\/image\\\/\"}}]}<\/script>\n<!-- \/ Yoast SEO plugin. -->","yoast_head_json":{"title":"Hausarzt M\u00fcnster - Internistische Praxis Dr. Quante","description":"Ihr freundlicher Hausarzt und Internist in M\u00fcnster. Praxis Dr. Quante.","robots":{"index":"index","follow":"follow","max-snippet":"max-snippet:-1","max-image-preview":"max-image-preview:large","max-video-preview":"max-video-preview:-1"},"canonical":"https:\/\/www.drquante.de\/","og_locale":"de_DE","og_type":"article","og_title":"Hausarzt M\u00fcnster - Internistische Praxis Dr. Quante","og_description":"Ihr freundlicher Hausarzt und Internist in M\u00fcnster. Praxis Dr. Quante.","og_url":"https:\/\/www.drquante.de\/","og_site_name":"Hausarzt M\u00fcnster Dr. Quante","article_modified_time":"2025-12-16T07:51:54+00:00","twitter_card":"summary_large_image","twitter_misc":{"Gesch\u00e4tzte Lesezeit":"1\u00a0Minute"},"schema":{"@context":"https:\/\/schema.org","@graph":[{"@type":"WebPage","@id":"https:\/\/www.drquante.de\/","url":"https:\/\/www.drquante.de\/","name":"Hausarzt M\u00fcnster - Internistische Praxis Dr. Quante","isPartOf":{"@id":"https:\/\/www.drquante.de\/#website"},"datePublished":"2016-05-10T03:48:21+00:00","dateModified":"2025-12-16T07:51:54+00:00","description":"Ihr freundlicher Hausarzt und Internist in M\u00fcnster. Praxis Dr. Quante.","breadcrumb":{"@id":"https:\/\/www.drquante.de\/#breadcrumb"},"inLanguage":"de","potentialAction":[{"@type":"ReadAction","target":["https:\/\/www.drquante.de\/"]}]},{"@type":"BreadcrumbList","@id":"https:\/\/www.drquante.de\/#breadcrumb","itemListElement":[{"@type":"ListItem","position":1,"name":"Startseite","item":"https:\/\/www.drquante.de\/"},{"@type":"ListItem","position":2,"name":"Dr. Quante &#8211; Internisten und Haus\u00e4rzte in M\u00fcnster"}]},{"@type":"WebSite","@id":"https:\/\/www.drquante.de\/#website","url":"https:\/\/www.drquante.de\/","name":"Hausarzt M\u00fcnster Dr. Quante","description":"","publisher":{"@id":"https:\/\/www.drquante.de\/#organization"},"potentialAction":[{"@type":"SearchAction","target":{"@type":"EntryPoint","urlTemplate":"https:\/\/www.drquante.de\/?s={search_term_string}"},"query-input":{"@type":"PropertyValueSpecification","valueRequired":true,"valueName":"search_term_string"}}],"inLanguage":"de"},{"@type":"Organization","@id":"https:\/\/www.drquante.de\/#organization","name":"Internisten und Haus\u00e4rzte - Arztpraxis Dr. Quante","url":"https:\/\/www.drquante.de\/","logo":{"@type":"ImageObject","inLanguage":"de","@id":"https:\/\/www.drquante.de\/#\/schema\/logo\/image\/","url":"","contentUrl":"","caption":"Internisten und Haus\u00e4rzte - Arztpraxis Dr. Quante"},"image":{"@id":"https:\/\/www.drquante.de\/#\/schema\/logo\/image\/"}}]}},"_links":{"self":[{"href":"https:\/\/www.drquante.de\/index.php?rest_route=\/wp\/v2\/pages\/2","targetHints":{"allow":["GET"]}}],"collection":[{"href":"https:\/\/www.drquante.de\/index.php?rest_route=\/wp\/v2\/pages"}],"about":[{"href":"https:\/\/www.drquante.de\/index.php?rest_route=\/wp\/v2\/types\/page"}],"author":[{"embeddable":true,"href":"https:\/\/www.drquante.de\/index.php?rest_route=\/wp\/v2\/users\/1"}],"replies":[{"embeddable":true,"href":"https:\/\/www.drquante.de\/index.php?rest_route=%2Fwp%2Fv2%2Fcomments&post=2"}],"version-history":[{"count":59,"href":"https:\/\/www.drquante.de\/index.php?rest_route=\/wp\/v2\/pages\/2\/revisions"}],"predecessor-version":[{"id":577,"href":"https:\/\/www.drquante.de\/index.php?rest_route=\/wp\/v2\/pages\/2\/revisions\/577"}],"wp:attachment":[{"href":"https:\/\/www.drquante.de\/index.php?rest_route=%2Fwp%2Fv2%2Fmedia&parent=2"}],"curies":[{"name":"wp","href":"https:\/\/api.w.org\/{rel}","templated":true}]}}