{"id":17,"date":"2019-12-21T12:02:21","date_gmt":"2019-12-21T12:02:21","guid":{"rendered":"https:\/\/www.drquante.de\/?page_id=17"},"modified":"2020-08-25T17:14:00","modified_gmt":"2020-08-25T15:14:00","slug":"notfall-und-notruf","status":"publish","type":"page","link":"https:\/\/www.drquante.de\/?page_id=17","title":{"rendered":"Notfall und Notruf"},"content":{"rendered":"\n<p>In medizinischen Notf\u00e4llen au\u00dferhalb der \u00d6ffnungszeiten kontaktieren Sie bitte den Notfalldienst der KVWL:<\/p>\n\n\n\n<p><strong>116117<\/strong> <em>(kostenlose Rufnummer)<\/em><\/p>\n\n\n\n<p>In lebensbedrohlichen Situationen w\u00e4hlen Sie telefonisch <strong>112<\/strong><\/p>\n\n\n\n<p><a href=\"https:\/\/www.kvwl.de\/patient\/notdienste\/index.htm#kvt1\">https:\/\/www.kvwl.de\/patient\/notdienste\/index.htm#kvt1<\/a><\/p>\n\n\n\n<h2 class=\"wp-block-heading\">Informationen zum Notfalldienst:<\/h2>\n\n\n\n<p>Wenn Sie einen Arzt brauchen und nicht bis zur n\u00e4chsten Sprechstunde warten k\u00f6nnen, werden Sie in einer Notfalldienstpraxis in Ihrer N\u00e4he versorgt. Die Notfalldienstpraxen sind in den meisten F\u00e4llen direkt an ein Krankenhaus angebunden. K\u00f6nnen Sie aus medizinischen Gr\u00fcnden nicht selbst in die Notfalldienstpraxis kommen, kommt ein Arzt zu Ihnen nach Hause.<\/p>\n\n\n\n<h2 class=\"wp-block-heading\">Arztrufzentrale (<strong>116117<\/strong>)<\/h2>\n\n\n\n<p>Ben\u00f6tigen Sie Informationen \u00fcber die n\u00e4chstgelegenen Notfalldienstpraxen oder die M\u00f6glichkeiten eines Hausbesuches hilft Ihnen kostenfrei die Arztrufzentrale des \u00e4rztlichen Bereitschaftsdienstes \/ Notfalldienstes unter der Tel.-Nr.: 116117.<br><br><\/p>\n","protected":false},"excerpt":{"rendered":"<p>In medizinischen Notf\u00e4llen au\u00dferhalb der \u00d6ffnungszeiten kontaktieren Sie bitte den Notfalldienst der KVWL: 116117 (kostenlose Rufnummer) In lebensbedrohlichen Situationen w\u00e4hlen Sie telefonisch 112 https:\/\/www.kvwl.de\/patient\/notdienste\/index.htm#kvt1 Informationen zum Notfalldienst: Wenn Sie einen Arzt brauchen und nicht bis zur n\u00e4chsten Sprechstunde warten k\u00f6nnen, werden Sie in einer Notfalldienstpraxis in Ihrer N\u00e4he versorgt. Die Notfalldienstpraxen sind in den meisten [&hellip;]<\/p>\n","protected":false},"author":1,"featured_media":0,"parent":0,"menu_order":0,"comment_status":"closed","ping_status":"closed","template":"templates\/template-full-width.php","meta":{"footnotes":""},"class_list":["post-17","page","type-page","status-publish","hentry"],"yoast_head":"<!-- This site is optimized with the Yoast SEO plugin v27.5 - https:\/\/yoast.com\/product\/yoast-seo-wordpress\/ -->\n<title>Notfall und Notruf - Hausarzt M\u00fcnster Dr. Quante<\/title>\n<meta name=\"description\" content=\"Ihr freundlicher Hausarzt und Internist in M\u00fcnster. Praxis Dr. Quante.\" \/>\n<meta name=\"robots\" content=\"index, follow, max-snippet:-1, max-image-preview:large, max-video-preview:-1\" \/>\n<link rel=\"canonical\" href=\"https:\/\/www.drquante.de\/?page_id=17\" \/>\n<meta property=\"og:locale\" content=\"de_DE\" \/>\n<meta property=\"og:type\" content=\"article\" \/>\n<meta property=\"og:title\" content=\"Notfall und Notruf - Hausarzt M\u00fcnster Dr. Quante\" \/>\n<meta property=\"og:description\" content=\"Ihr freundlicher Hausarzt und Internist in M\u00fcnster. Praxis Dr. Quante.\" \/>\n<meta property=\"og:url\" content=\"https:\/\/www.drquante.de\/?page_id=17\" \/>\n<meta property=\"og:site_name\" content=\"Hausarzt M\u00fcnster Dr. Quante\" \/>\n<meta property=\"article:modified_time\" content=\"2020-08-25T15:14:00+00:00\" \/>\n<meta name=\"twitter:card\" content=\"summary_large_image\" \/>\n<meta name=\"twitter:label1\" content=\"Gesch\u00e4tzte Lesezeit\" \/>\n\t<meta name=\"twitter:data1\" content=\"1\u00a0Minute\" \/>\n<script type=\"application\/ld+json\" class=\"yoast-schema-graph\">{\"@context\":\"https:\\\/\\\/schema.org\",\"@graph\":[{\"@type\":\"WebPage\",\"@id\":\"https:\\\/\\\/www.drquante.de\\\/?page_id=17\",\"url\":\"https:\\\/\\\/www.drquante.de\\\/?page_id=17\",\"name\":\"Notfall und Notruf - Hausarzt M\u00fcnster Dr. Quante\",\"isPartOf\":{\"@id\":\"https:\\\/\\\/www.drquante.de\\\/#website\"},\"datePublished\":\"2019-12-21T12:02:21+00:00\",\"dateModified\":\"2020-08-25T15:14:00+00:00\",\"description\":\"Ihr freundlicher Hausarzt und Internist in M\u00fcnster. Praxis Dr. Quante.\",\"breadcrumb\":{\"@id\":\"https:\\\/\\\/www.drquante.de\\\/?page_id=17#breadcrumb\"},\"inLanguage\":\"de\",\"potentialAction\":[{\"@type\":\"ReadAction\",\"target\":[\"https:\\\/\\\/www.drquante.de\\\/?page_id=17\"]}]},{\"@type\":\"BreadcrumbList\",\"@id\":\"https:\\\/\\\/www.drquante.de\\\/?page_id=17#breadcrumb\",\"itemListElement\":[{\"@type\":\"ListItem\",\"position\":1,\"name\":\"Startseite\",\"item\":\"https:\\\/\\\/www.drquante.de\\\/\"},{\"@type\":\"ListItem\",\"position\":2,\"name\":\"Notfall und Notruf\"}]},{\"@type\":\"WebSite\",\"@id\":\"https:\\\/\\\/www.drquante.de\\\/#website\",\"url\":\"https:\\\/\\\/www.drquante.de\\\/\",\"name\":\"Hausarzt M\u00fcnster Dr. Quante\",\"description\":\"\",\"publisher\":{\"@id\":\"https:\\\/\\\/www.drquante.de\\\/#organization\"},\"potentialAction\":[{\"@type\":\"SearchAction\",\"target\":{\"@type\":\"EntryPoint\",\"urlTemplate\":\"https:\\\/\\\/www.drquante.de\\\/?s={search_term_string}\"},\"query-input\":{\"@type\":\"PropertyValueSpecification\",\"valueRequired\":true,\"valueName\":\"search_term_string\"}}],\"inLanguage\":\"de\"},{\"@type\":\"Organization\",\"@id\":\"https:\\\/\\\/www.drquante.de\\\/#organization\",\"name\":\"Internisten und Haus\u00e4rzte - Arztpraxis Dr. Quante\",\"url\":\"https:\\\/\\\/www.drquante.de\\\/\",\"logo\":{\"@type\":\"ImageObject\",\"inLanguage\":\"de\",\"@id\":\"https:\\\/\\\/www.drquante.de\\\/#\\\/schema\\\/logo\\\/image\\\/\",\"url\":\"\",\"contentUrl\":\"\",\"caption\":\"Internisten und Haus\u00e4rzte - Arztpraxis Dr. Quante\"},\"image\":{\"@id\":\"https:\\\/\\\/www.drquante.de\\\/#\\\/schema\\\/logo\\\/image\\\/\"}}]}<\/script>\n<!-- \/ Yoast SEO plugin. -->","yoast_head_json":{"title":"Notfall und Notruf - Hausarzt M\u00fcnster Dr. Quante","description":"Ihr freundlicher Hausarzt und Internist in M\u00fcnster. Praxis Dr. Quante.","robots":{"index":"index","follow":"follow","max-snippet":"max-snippet:-1","max-image-preview":"max-image-preview:large","max-video-preview":"max-video-preview:-1"},"canonical":"https:\/\/www.drquante.de\/?page_id=17","og_locale":"de_DE","og_type":"article","og_title":"Notfall und Notruf - Hausarzt M\u00fcnster Dr. Quante","og_description":"Ihr freundlicher Hausarzt und Internist in M\u00fcnster. Praxis Dr. Quante.","og_url":"https:\/\/www.drquante.de\/?page_id=17","og_site_name":"Hausarzt M\u00fcnster Dr. Quante","article_modified_time":"2020-08-25T15:14:00+00:00","twitter_card":"summary_large_image","twitter_misc":{"Gesch\u00e4tzte Lesezeit":"1\u00a0Minute"},"schema":{"@context":"https:\/\/schema.org","@graph":[{"@type":"WebPage","@id":"https:\/\/www.drquante.de\/?page_id=17","url":"https:\/\/www.drquante.de\/?page_id=17","name":"Notfall und Notruf - Hausarzt M\u00fcnster Dr. Quante","isPartOf":{"@id":"https:\/\/www.drquante.de\/#website"},"datePublished":"2019-12-21T12:02:21+00:00","dateModified":"2020-08-25T15:14:00+00:00","description":"Ihr freundlicher Hausarzt und Internist in M\u00fcnster. Praxis Dr. Quante.","breadcrumb":{"@id":"https:\/\/www.drquante.de\/?page_id=17#breadcrumb"},"inLanguage":"de","potentialAction":[{"@type":"ReadAction","target":["https:\/\/www.drquante.de\/?page_id=17"]}]},{"@type":"BreadcrumbList","@id":"https:\/\/www.drquante.de\/?page_id=17#breadcrumb","itemListElement":[{"@type":"ListItem","position":1,"name":"Startseite","item":"https:\/\/www.drquante.de\/"},{"@type":"ListItem","position":2,"name":"Notfall und Notruf"}]},{"@type":"WebSite","@id":"https:\/\/www.drquante.de\/#website","url":"https:\/\/www.drquante.de\/","name":"Hausarzt M\u00fcnster Dr. Quante","description":"","publisher":{"@id":"https:\/\/www.drquante.de\/#organization"},"potentialAction":[{"@type":"SearchAction","target":{"@type":"EntryPoint","urlTemplate":"https:\/\/www.drquante.de\/?s={search_term_string}"},"query-input":{"@type":"PropertyValueSpecification","valueRequired":true,"valueName":"search_term_string"}}],"inLanguage":"de"},{"@type":"Organization","@id":"https:\/\/www.drquante.de\/#organization","name":"Internisten und Haus\u00e4rzte - Arztpraxis Dr. Quante","url":"https:\/\/www.drquante.de\/","logo":{"@type":"ImageObject","inLanguage":"de","@id":"https:\/\/www.drquante.de\/#\/schema\/logo\/image\/","url":"","contentUrl":"","caption":"Internisten und Haus\u00e4rzte - Arztpraxis Dr. Quante"},"image":{"@id":"https:\/\/www.drquante.de\/#\/schema\/logo\/image\/"}}]}},"_links":{"self":[{"href":"https:\/\/www.drquante.de\/index.php?rest_route=\/wp\/v2\/pages\/17","targetHints":{"allow":["GET"]}}],"collection":[{"href":"https:\/\/www.drquante.de\/index.php?rest_route=\/wp\/v2\/pages"}],"about":[{"href":"https:\/\/www.drquante.de\/index.php?rest_route=\/wp\/v2\/types\/page"}],"author":[{"embeddable":true,"href":"https:\/\/www.drquante.de\/index.php?rest_route=\/wp\/v2\/users\/1"}],"replies":[{"embeddable":true,"href":"https:\/\/www.drquante.de\/index.php?rest_route=%2Fwp%2Fv2%2Fcomments&post=17"}],"version-history":[{"count":2,"href":"https:\/\/www.drquante.de\/index.php?rest_route=\/wp\/v2\/pages\/17\/revisions"}],"predecessor-version":[{"id":186,"href":"https:\/\/www.drquante.de\/index.php?rest_route=\/wp\/v2\/pages\/17\/revisions\/186"}],"wp:attachment":[{"href":"https:\/\/www.drquante.de\/index.php?rest_route=%2Fwp%2Fv2%2Fmedia&parent=17"}],"curies":[{"name":"wp","href":"https:\/\/api.w.org\/{rel}","templated":true}]}}