{"id":13,"date":"2019-12-21T11:58:47","date_gmt":"2019-12-21T11:58:47","guid":{"rendered":"https:\/\/www.drquante.de\/?page_id=13"},"modified":"2025-03-14T17:03:37","modified_gmt":"2025-03-14T16:03:37","slug":"tobias-quante","status":"publish","type":"page","link":"https:\/\/www.drquante.de\/?page_id=13","title":{"rendered":"Hausarzt Tobias Quante"},"content":{"rendered":"\n<div class=\"wp-block-media-text alignwide is-stacked-on-mobile is-vertically-aligned-top\"><figure class=\"wp-block-media-text__media\"><img loading=\"lazy\" decoding=\"async\" width=\"600\" height=\"600\" src=\"https:\/\/www.drquante.de\/wp-content\/uploads\/2020\/01\/hausarzt-tobiasquante.jpg\" alt=\"\" class=\"wp-image-373 size-full\" srcset=\"https:\/\/www.drquante.de\/wp-content\/uploads\/2020\/01\/hausarzt-tobiasquante.jpg 600w, https:\/\/www.drquante.de\/wp-content\/uploads\/2020\/01\/hausarzt-tobiasquante-300x300.jpg 300w, https:\/\/www.drquante.de\/wp-content\/uploads\/2020\/01\/hausarzt-tobiasquante-150x150.jpg 150w\" sizes=\"auto, (max-width: 600px) 100vw, 600px\" \/><\/figure><div class=\"wp-block-media-text__content\">\n<blockquote class=\"wp-block-quote is-layout-flow wp-block-quote-is-layout-flow\">\n<p>Herzlich Willkommen auf DrQuante.de.<\/p>\n\n\n\n<p>Als ihr Hausarzt in M\u00fcnster verstehe ich mich als ihr erster, vertrauensvoller Ansprechpartner bei allen medizinischen Fragen. Dabei lege ich besonders Wert auf eine individuelle, ganzheitliche und nicht zuletzt\u00a0auch verst\u00e4ndliche Beratung. Wir sind junge \u00c4rzte in einem jungen Team und m\u00f6chten unsere Patientinnen und Patienten fachlich und menschlich auf h\u00f6chstem Niveau versorgen. Die langj\u00e4hrige Begleitung der Patientinnen und Patienten und unter Umst\u00e4nden auch ihrer Familien, macht den Beruf des Hausarztes f\u00fcr mich zu etwas ganz Besonderem.<\/p>\n<cite>Hausarzt Tobias Quante<\/cite><\/blockquote>\n<\/div><\/div>\n\n\n\n<p><strong>Beruflicher Werdegang:<\/strong><\/p>\n\n\n\n<p>2000<\/p>\n\n\n\n<p>Abitur am Gymnasium Paulinum M\u00fcnster<\/p>\n\n\n\n<p>2001-2007&nbsp;<\/p>\n\n\n\n<p>Studium der Humanmedizin an der Westf\u00e4lischen-Wilhelms-Universit\u00e4t zu M\u00fcnster<\/p>\n\n\n\n<p>12\/ 2007<\/p>\n\n\n\n<p>\u00c4rztliche Pr\u00fcfung an der Westf\u00e4lischen-Wilhelms-Universit\u00e4t zu M\u00fcnster<\/p>\n\n\n\n<p>01\/ 2008<\/p>\n\n\n\n<p>Approbation als Arzt (Bezirksregierung M\u00fcnster)<\/p>\n\n\n\n<p>04\/2008 &#8211; 03\/2016&nbsp;<\/p>\n\n\n\n<p>Assistenzarzt in Vollzeit, Zentrum Innere Medizin, Kath. Marienkrankenhaus Hamburg<\/p>\n\n\n\n<p>(Chef\u00e4rzte Prof. van de Loo; Prof. Vanhoefer)<\/p>\n\n\n\n<p>09\/2013&nbsp;<\/p>\n\n\n\n<p>Facharzt Innere Medizin (\u00c4rztekammer Hamburg)<\/p>\n\n\n\n<p>04\/2016 \u2013 06\/2018<\/p>\n\n\n\n<p>Assistenzarzt in Vollzeit, Geriatrische Klinik, Kath. Marienkrankenhaus Hamburg<\/p>\n\n\n\n<p>(Chef\u00e4rzte Dr. B\u00fchre, PD Dr. Kopf)<\/p>\n\n\n\n<p>04\/2018&nbsp;<\/p>\n\n\n\n<p>Zusatz-Weiterbildung Geriatrie (\u00c4rztekammer Hamburg)<\/p>\n\n\n\n<p>07\/2018<\/p>\n\n\n\n<p>Niederlassung als Internist mit haus\u00e4rztlicher Versorgung in M\u00fcnster<\/p>\n","protected":false},"excerpt":{"rendered":"<p>Beruflicher Werdegang: 2000 Abitur am Gymnasium Paulinum M\u00fcnster 2001-2007&nbsp; Studium der Humanmedizin an der Westf\u00e4lischen-Wilhelms-Universit\u00e4t zu M\u00fcnster 12\/ 2007 \u00c4rztliche Pr\u00fcfung an der Westf\u00e4lischen-Wilhelms-Universit\u00e4t zu M\u00fcnster 01\/ 2008 Approbation als Arzt (Bezirksregierung M\u00fcnster) 04\/2008 &#8211; 03\/2016&nbsp; Assistenzarzt in Vollzeit, Zentrum Innere Medizin, Kath. Marienkrankenhaus Hamburg (Chef\u00e4rzte Prof. van de Loo; Prof. Vanhoefer) 09\/2013&nbsp; Facharzt Innere [&hellip;]<\/p>\n","protected":false},"author":1,"featured_media":0,"parent":0,"menu_order":0,"comment_status":"closed","ping_status":"closed","template":"","meta":{"footnotes":""},"class_list":["post-13","page","type-page","status-publish","hentry"],"yoast_head":"<!-- This site is optimized with the Yoast SEO plugin v27.5 - https:\/\/yoast.com\/product\/yoast-seo-wordpress\/ -->\n<title>Hausarzt Tobias Quante - Hausarzt M\u00fcnster Dr. Quante<\/title>\n<meta name=\"description\" content=\"Ihr freundlicher Hausarzt und Internist in M\u00fcnster. Praxis Dr. Quante.\" \/>\n<meta name=\"robots\" content=\"index, follow, max-snippet:-1, max-image-preview:large, max-video-preview:-1\" \/>\n<link rel=\"canonical\" href=\"https:\/\/www.drquante.de\/?page_id=13\" \/>\n<meta property=\"og:locale\" content=\"de_DE\" \/>\n<meta property=\"og:type\" content=\"article\" \/>\n<meta property=\"og:title\" content=\"Hausarzt Tobias Quante - Hausarzt M\u00fcnster Dr. Quante\" \/>\n<meta property=\"og:description\" content=\"Ihr freundlicher Hausarzt und Internist in M\u00fcnster. Praxis Dr. Quante.\" \/>\n<meta property=\"og:url\" content=\"https:\/\/www.drquante.de\/?page_id=13\" \/>\n<meta property=\"og:site_name\" content=\"Hausarzt M\u00fcnster Dr. Quante\" \/>\n<meta property=\"article:modified_time\" content=\"2025-03-14T16:03:37+00:00\" \/>\n<meta property=\"og:image\" content=\"https:\/\/www.drquante.de\/wp-content\/uploads\/2020\/01\/hausarzt-tobiasquante.jpg\" \/>\n\t<meta property=\"og:image:width\" content=\"600\" \/>\n\t<meta property=\"og:image:height\" content=\"600\" \/>\n\t<meta property=\"og:image:type\" content=\"image\/jpeg\" \/>\n<meta name=\"twitter:card\" content=\"summary_large_image\" \/>\n<meta name=\"twitter:label1\" content=\"Gesch\u00e4tzte Lesezeit\" \/>\n\t<meta name=\"twitter:data1\" content=\"1\u00a0Minute\" \/>\n<script type=\"application\/ld+json\" class=\"yoast-schema-graph\">{\"@context\":\"https:\\\/\\\/schema.org\",\"@graph\":[{\"@type\":\"WebPage\",\"@id\":\"https:\\\/\\\/www.drquante.de\\\/?page_id=13\",\"url\":\"https:\\\/\\\/www.drquante.de\\\/?page_id=13\",\"name\":\"Hausarzt Tobias Quante - Hausarzt M\u00fcnster Dr. Quante\",\"isPartOf\":{\"@id\":\"https:\\\/\\\/www.drquante.de\\\/#website\"},\"primaryImageOfPage\":{\"@id\":\"https:\\\/\\\/www.drquante.de\\\/?page_id=13#primaryimage\"},\"image\":{\"@id\":\"https:\\\/\\\/www.drquante.de\\\/?page_id=13#primaryimage\"},\"thumbnailUrl\":\"https:\\\/\\\/www.drquante.de\\\/wp-content\\\/uploads\\\/2020\\\/01\\\/hausarzt-tobiasquante.jpg\",\"datePublished\":\"2019-12-21T11:58:47+00:00\",\"dateModified\":\"2025-03-14T16:03:37+00:00\",\"description\":\"Ihr freundlicher Hausarzt und Internist in M\u00fcnster. Praxis Dr. Quante.\",\"breadcrumb\":{\"@id\":\"https:\\\/\\\/www.drquante.de\\\/?page_id=13#breadcrumb\"},\"inLanguage\":\"de\",\"potentialAction\":[{\"@type\":\"ReadAction\",\"target\":[\"https:\\\/\\\/www.drquante.de\\\/?page_id=13\"]}]},{\"@type\":\"ImageObject\",\"inLanguage\":\"de\",\"@id\":\"https:\\\/\\\/www.drquante.de\\\/?page_id=13#primaryimage\",\"url\":\"https:\\\/\\\/www.drquante.de\\\/wp-content\\\/uploads\\\/2020\\\/01\\\/hausarzt-tobiasquante.jpg\",\"contentUrl\":\"https:\\\/\\\/www.drquante.de\\\/wp-content\\\/uploads\\\/2020\\\/01\\\/hausarzt-tobiasquante.jpg\",\"width\":600,\"height\":600},{\"@type\":\"BreadcrumbList\",\"@id\":\"https:\\\/\\\/www.drquante.de\\\/?page_id=13#breadcrumb\",\"itemListElement\":[{\"@type\":\"ListItem\",\"position\":1,\"name\":\"Startseite\",\"item\":\"https:\\\/\\\/www.drquante.de\\\/\"},{\"@type\":\"ListItem\",\"position\":2,\"name\":\"Hausarzt Tobias Quante\"}]},{\"@type\":\"WebSite\",\"@id\":\"https:\\\/\\\/www.drquante.de\\\/#website\",\"url\":\"https:\\\/\\\/www.drquante.de\\\/\",\"name\":\"Hausarzt M\u00fcnster Dr. Quante\",\"description\":\"\",\"publisher\":{\"@id\":\"https:\\\/\\\/www.drquante.de\\\/#organization\"},\"potentialAction\":[{\"@type\":\"SearchAction\",\"target\":{\"@type\":\"EntryPoint\",\"urlTemplate\":\"https:\\\/\\\/www.drquante.de\\\/?s={search_term_string}\"},\"query-input\":{\"@type\":\"PropertyValueSpecification\",\"valueRequired\":true,\"valueName\":\"search_term_string\"}}],\"inLanguage\":\"de\"},{\"@type\":\"Organization\",\"@id\":\"https:\\\/\\\/www.drquante.de\\\/#organization\",\"name\":\"Internisten und Haus\u00e4rzte - Arztpraxis Dr. Quante\",\"url\":\"https:\\\/\\\/www.drquante.de\\\/\",\"logo\":{\"@type\":\"ImageObject\",\"inLanguage\":\"de\",\"@id\":\"https:\\\/\\\/www.drquante.de\\\/#\\\/schema\\\/logo\\\/image\\\/\",\"url\":\"\",\"contentUrl\":\"\",\"caption\":\"Internisten und Haus\u00e4rzte - Arztpraxis Dr. Quante\"},\"image\":{\"@id\":\"https:\\\/\\\/www.drquante.de\\\/#\\\/schema\\\/logo\\\/image\\\/\"}}]}<\/script>\n<!-- \/ Yoast SEO plugin. -->","yoast_head_json":{"title":"Hausarzt Tobias Quante - Hausarzt M\u00fcnster Dr. Quante","description":"Ihr freundlicher Hausarzt und Internist in M\u00fcnster. Praxis Dr. Quante.","robots":{"index":"index","follow":"follow","max-snippet":"max-snippet:-1","max-image-preview":"max-image-preview:large","max-video-preview":"max-video-preview:-1"},"canonical":"https:\/\/www.drquante.de\/?page_id=13","og_locale":"de_DE","og_type":"article","og_title":"Hausarzt Tobias Quante - Hausarzt M\u00fcnster Dr. Quante","og_description":"Ihr freundlicher Hausarzt und Internist in M\u00fcnster. Praxis Dr. Quante.","og_url":"https:\/\/www.drquante.de\/?page_id=13","og_site_name":"Hausarzt M\u00fcnster Dr. Quante","article_modified_time":"2025-03-14T16:03:37+00:00","og_image":[{"width":600,"height":600,"url":"https:\/\/www.drquante.de\/wp-content\/uploads\/2020\/01\/hausarzt-tobiasquante.jpg","type":"image\/jpeg"}],"twitter_card":"summary_large_image","twitter_misc":{"Gesch\u00e4tzte Lesezeit":"1\u00a0Minute"},"schema":{"@context":"https:\/\/schema.org","@graph":[{"@type":"WebPage","@id":"https:\/\/www.drquante.de\/?page_id=13","url":"https:\/\/www.drquante.de\/?page_id=13","name":"Hausarzt Tobias Quante - Hausarzt M\u00fcnster Dr. Quante","isPartOf":{"@id":"https:\/\/www.drquante.de\/#website"},"primaryImageOfPage":{"@id":"https:\/\/www.drquante.de\/?page_id=13#primaryimage"},"image":{"@id":"https:\/\/www.drquante.de\/?page_id=13#primaryimage"},"thumbnailUrl":"https:\/\/www.drquante.de\/wp-content\/uploads\/2020\/01\/hausarzt-tobiasquante.jpg","datePublished":"2019-12-21T11:58:47+00:00","dateModified":"2025-03-14T16:03:37+00:00","description":"Ihr freundlicher Hausarzt und Internist in M\u00fcnster. Praxis Dr. Quante.","breadcrumb":{"@id":"https:\/\/www.drquante.de\/?page_id=13#breadcrumb"},"inLanguage":"de","potentialAction":[{"@type":"ReadAction","target":["https:\/\/www.drquante.de\/?page_id=13"]}]},{"@type":"ImageObject","inLanguage":"de","@id":"https:\/\/www.drquante.de\/?page_id=13#primaryimage","url":"https:\/\/www.drquante.de\/wp-content\/uploads\/2020\/01\/hausarzt-tobiasquante.jpg","contentUrl":"https:\/\/www.drquante.de\/wp-content\/uploads\/2020\/01\/hausarzt-tobiasquante.jpg","width":600,"height":600},{"@type":"BreadcrumbList","@id":"https:\/\/www.drquante.de\/?page_id=13#breadcrumb","itemListElement":[{"@type":"ListItem","position":1,"name":"Startseite","item":"https:\/\/www.drquante.de\/"},{"@type":"ListItem","position":2,"name":"Hausarzt Tobias Quante"}]},{"@type":"WebSite","@id":"https:\/\/www.drquante.de\/#website","url":"https:\/\/www.drquante.de\/","name":"Hausarzt M\u00fcnster Dr. Quante","description":"","publisher":{"@id":"https:\/\/www.drquante.de\/#organization"},"potentialAction":[{"@type":"SearchAction","target":{"@type":"EntryPoint","urlTemplate":"https:\/\/www.drquante.de\/?s={search_term_string}"},"query-input":{"@type":"PropertyValueSpecification","valueRequired":true,"valueName":"search_term_string"}}],"inLanguage":"de"},{"@type":"Organization","@id":"https:\/\/www.drquante.de\/#organization","name":"Internisten und Haus\u00e4rzte - Arztpraxis Dr. Quante","url":"https:\/\/www.drquante.de\/","logo":{"@type":"ImageObject","inLanguage":"de","@id":"https:\/\/www.drquante.de\/#\/schema\/logo\/image\/","url":"","contentUrl":"","caption":"Internisten und Haus\u00e4rzte - Arztpraxis Dr. Quante"},"image":{"@id":"https:\/\/www.drquante.de\/#\/schema\/logo\/image\/"}}]}},"_links":{"self":[{"href":"https:\/\/www.drquante.de\/index.php?rest_route=\/wp\/v2\/pages\/13","targetHints":{"allow":["GET"]}}],"collection":[{"href":"https:\/\/www.drquante.de\/index.php?rest_route=\/wp\/v2\/pages"}],"about":[{"href":"https:\/\/www.drquante.de\/index.php?rest_route=\/wp\/v2\/types\/page"}],"author":[{"embeddable":true,"href":"https:\/\/www.drquante.de\/index.php?rest_route=\/wp\/v2\/users\/1"}],"replies":[{"embeddable":true,"href":"https:\/\/www.drquante.de\/index.php?rest_route=%2Fwp%2Fv2%2Fcomments&post=13"}],"version-history":[{"count":9,"href":"https:\/\/www.drquante.de\/index.php?rest_route=\/wp\/v2\/pages\/13\/revisions"}],"predecessor-version":[{"id":572,"href":"https:\/\/www.drquante.de\/index.php?rest_route=\/wp\/v2\/pages\/13\/revisions\/572"}],"wp:attachment":[{"href":"https:\/\/www.drquante.de\/index.php?rest_route=%2Fwp%2Fv2%2Fmedia&parent=13"}],"curies":[{"name":"wp","href":"https:\/\/api.w.org\/{rel}","templated":true}]}}