{"id":11,"date":"2019-12-21T11:58:27","date_gmt":"2019-12-21T11:58:27","guid":{"rendered":"https:\/\/www.drquante.de\/?page_id=11"},"modified":"2023-01-07T10:17:30","modified_gmt":"2023-01-07T09:17:30","slug":"markus-quante","status":"publish","type":"page","link":"https:\/\/www.drquante.de\/?page_id=11","title":{"rendered":"Dr. med. Markus Quante"},"content":{"rendered":"\n<div class=\"wp-block-media-text alignwide is-stacked-on-mobile is-vertically-aligned-top markusquante has-background has-background-background-color\"><figure class=\"wp-block-media-text__media\"><img loading=\"lazy\" decoding=\"async\" width=\"600\" height=\"600\" src=\"https:\/\/www.drquante.de\/wp-content\/uploads\/2020\/01\/hausarzt-markusquante.jpg\" alt=\"Dr. med. Markus Quante\" class=\"wp-image-257 size-full\" srcset=\"https:\/\/www.drquante.de\/wp-content\/uploads\/2020\/01\/hausarzt-markusquante.jpg 600w, https:\/\/www.drquante.de\/wp-content\/uploads\/2020\/01\/hausarzt-markusquante-300x300.jpg 300w, https:\/\/www.drquante.de\/wp-content\/uploads\/2020\/01\/hausarzt-markusquante-150x150.jpg 150w\" sizes=\"auto, (max-width: 600px) 100vw, 600px\" \/><\/figure><div class=\"wp-block-media-text__content\">\n<blockquote class=\"wp-block-quote is-layout-flow wp-block-quote-is-layout-flow\">\n<p>Willkommen in unserer Hausarzt-Praxis in der Burgstra\u00dfe 31, Ecke Geiststra\u00dfe.<\/p>\n\n\n\n<p>Ich arbeite gerne als Hausarzt in M\u00fcnster! Neben der Vielseitigkeit bei der medizinischen Betreuung, sch\u00e4tze ich an meinem Beruf als Hausarzt und Internist besonders den teilweise langj\u00e4hrigen kontinuierlichen Kontakt zu meinen Patientinnen und Patienten.  Manchmal besteht dieser Kontakt dann sogar zu ganzen Familien. Ich versuche individuell auf Ihre W\u00fcnsche und Sorgen einzugehen und bedanke mich herzlich f\u00fcr Ihr Vertrauen.<\/p>\n\n\n\n<p><\/p>\n<cite>Hausarzt Dr. med. Markus Quante, M\u00fcnster<\/cite><\/blockquote>\n<\/div><\/div>\n\n\n\n<p><strong>Beruflicher Werdegang<\/strong><\/p>\n\n\n\n<p>1998 Abitur am Annette-von-Droste-H\u00fclshoff-Gymnasium M\u00fcnster<\/p>\n\n\n\n<p>1999-2005 Studium der Humanmedizin an der Westf\u00e4lischen Wilhelms Universit\u00e4t, M\u00fcnster<\/p>\n\n\n\n<p>25.10.2005 3. Staatsexamen<\/p>\n\n\n\n<p>07.11.2005 Approbation als Arzt<\/p>\n\n\n\n<p>05.04.2007 Promotion zum &#8222;Doktor der Medizin&#8220; an der Medizinischen Fakult\u00e4t der WWU M\u00fcnster<\/p>\n\n\n\n<p>01.01.2006 \u2013 15.05.2011 Assistenzarzt in der Abteilung f\u00fcr Innere Medizin, Herz-Jesu- Krankenhaus M\u00fcnster-Hiltrup (Chef\u00e4rzte: Dr. med. W. Clasen, PD Dr. med. A. Gillessen)<\/p>\n\n\n\n<p>16.04.2011 Facharzt f\u00fcr Innere Medizin (\u00c4rztekammer Westfalen-Lippe)<\/p>\n\n\n\n<p>01.07.2011 Gr\u00fcndung einer Gemeinschaftspraxis mit<\/p>\n\n\n\n<p>Dr. Thomas Quante und Niederlassung als Internist mit haus\u00e4rztlicher Versorgung in M\u00fcnster<\/p>\n","protected":false},"excerpt":{"rendered":"<p>Beruflicher Werdegang 1998 Abitur am Annette-von-Droste-H\u00fclshoff-Gymnasium M\u00fcnster 1999-2005 Studium der Humanmedizin an der Westf\u00e4lischen Wilhelms Universit\u00e4t, M\u00fcnster 25.10.2005 3. Staatsexamen 07.11.2005 Approbation als Arzt 05.04.2007 Promotion zum &#8222;Doktor der Medizin&#8220; an der Medizinischen Fakult\u00e4t der WWU M\u00fcnster 01.01.2006 \u2013 15.05.2011 Assistenzarzt in der Abteilung f\u00fcr Innere Medizin, Herz-Jesu- Krankenhaus M\u00fcnster-Hiltrup (Chef\u00e4rzte: Dr. med. W. Clasen, [&hellip;]<\/p>\n","protected":false},"author":1,"featured_media":0,"parent":0,"menu_order":0,"comment_status":"closed","ping_status":"closed","template":"","meta":{"footnotes":""},"class_list":["post-11","page","type-page","status-publish","hentry"],"yoast_head":"<!-- This site is optimized with the Yoast SEO plugin v27.5 - https:\/\/yoast.com\/product\/yoast-seo-wordpress\/ -->\n<title>Dr. med. Markus Quante - Hausarzt M\u00fcnster Dr. Quante<\/title>\n<meta name=\"description\" content=\"Ihr freundlicher Hausarzt und Internist in M\u00fcnster. Praxis Dr. Quante.\" \/>\n<meta name=\"robots\" content=\"index, follow, max-snippet:-1, max-image-preview:large, max-video-preview:-1\" \/>\n<link rel=\"canonical\" href=\"https:\/\/www.drquante.de\/?page_id=11\" \/>\n<meta property=\"og:locale\" content=\"de_DE\" \/>\n<meta property=\"og:type\" content=\"article\" \/>\n<meta property=\"og:title\" content=\"Dr. med. Markus Quante - Hausarzt M\u00fcnster Dr. Quante\" \/>\n<meta property=\"og:description\" content=\"Ihr freundlicher Hausarzt und Internist in M\u00fcnster. Praxis Dr. Quante.\" \/>\n<meta property=\"og:url\" content=\"https:\/\/www.drquante.de\/?page_id=11\" \/>\n<meta property=\"og:site_name\" content=\"Hausarzt M\u00fcnster Dr. Quante\" \/>\n<meta property=\"article:modified_time\" content=\"2023-01-07T09:17:30+00:00\" \/>\n<meta property=\"og:image\" content=\"https:\/\/www.drquante.de\/wp-content\/uploads\/2020\/01\/hausarzt-markusquante.jpg\" \/>\n<meta name=\"twitter:card\" content=\"summary_large_image\" \/>\n<meta name=\"twitter:label1\" content=\"Gesch\u00e4tzte Lesezeit\" \/>\n\t<meta name=\"twitter:data1\" content=\"2\u00a0Minuten\" \/>\n<script type=\"application\/ld+json\" class=\"yoast-schema-graph\">{\"@context\":\"https:\\\/\\\/schema.org\",\"@graph\":[{\"@type\":\"WebPage\",\"@id\":\"https:\\\/\\\/www.drquante.de\\\/?page_id=11\",\"url\":\"https:\\\/\\\/www.drquante.de\\\/?page_id=11\",\"name\":\"Dr. med. Markus Quante - Hausarzt M\u00fcnster Dr. Quante\",\"isPartOf\":{\"@id\":\"https:\\\/\\\/www.drquante.de\\\/#website\"},\"primaryImageOfPage\":{\"@id\":\"https:\\\/\\\/www.drquante.de\\\/?page_id=11#primaryimage\"},\"image\":{\"@id\":\"https:\\\/\\\/www.drquante.de\\\/?page_id=11#primaryimage\"},\"thumbnailUrl\":\"https:\\\/\\\/www.drquante.de\\\/wp-content\\\/uploads\\\/2020\\\/01\\\/hausarzt-markusquante.jpg\",\"datePublished\":\"2019-12-21T11:58:27+00:00\",\"dateModified\":\"2023-01-07T09:17:30+00:00\",\"description\":\"Ihr freundlicher Hausarzt und Internist in M\u00fcnster. Praxis Dr. Quante.\",\"breadcrumb\":{\"@id\":\"https:\\\/\\\/www.drquante.de\\\/?page_id=11#breadcrumb\"},\"inLanguage\":\"de\",\"potentialAction\":[{\"@type\":\"ReadAction\",\"target\":[\"https:\\\/\\\/www.drquante.de\\\/?page_id=11\"]}]},{\"@type\":\"ImageObject\",\"inLanguage\":\"de\",\"@id\":\"https:\\\/\\\/www.drquante.de\\\/?page_id=11#primaryimage\",\"url\":\"https:\\\/\\\/www.drquante.de\\\/wp-content\\\/uploads\\\/2020\\\/01\\\/hausarzt-markusquante.jpg\",\"contentUrl\":\"https:\\\/\\\/www.drquante.de\\\/wp-content\\\/uploads\\\/2020\\\/01\\\/hausarzt-markusquante.jpg\",\"width\":600,\"height\":600,\"caption\":\"Dr med Markus Quante\"},{\"@type\":\"BreadcrumbList\",\"@id\":\"https:\\\/\\\/www.drquante.de\\\/?page_id=11#breadcrumb\",\"itemListElement\":[{\"@type\":\"ListItem\",\"position\":1,\"name\":\"Startseite\",\"item\":\"https:\\\/\\\/www.drquante.de\\\/\"},{\"@type\":\"ListItem\",\"position\":2,\"name\":\"Dr. med. Markus Quante\"}]},{\"@type\":\"WebSite\",\"@id\":\"https:\\\/\\\/www.drquante.de\\\/#website\",\"url\":\"https:\\\/\\\/www.drquante.de\\\/\",\"name\":\"Hausarzt M\u00fcnster Dr. Quante\",\"description\":\"\",\"publisher\":{\"@id\":\"https:\\\/\\\/www.drquante.de\\\/#organization\"},\"potentialAction\":[{\"@type\":\"SearchAction\",\"target\":{\"@type\":\"EntryPoint\",\"urlTemplate\":\"https:\\\/\\\/www.drquante.de\\\/?s={search_term_string}\"},\"query-input\":{\"@type\":\"PropertyValueSpecification\",\"valueRequired\":true,\"valueName\":\"search_term_string\"}}],\"inLanguage\":\"de\"},{\"@type\":\"Organization\",\"@id\":\"https:\\\/\\\/www.drquante.de\\\/#organization\",\"name\":\"Internisten und Haus\u00e4rzte - Arztpraxis Dr. Quante\",\"url\":\"https:\\\/\\\/www.drquante.de\\\/\",\"logo\":{\"@type\":\"ImageObject\",\"inLanguage\":\"de\",\"@id\":\"https:\\\/\\\/www.drquante.de\\\/#\\\/schema\\\/logo\\\/image\\\/\",\"url\":\"\",\"contentUrl\":\"\",\"caption\":\"Internisten und Haus\u00e4rzte - Arztpraxis Dr. Quante\"},\"image\":{\"@id\":\"https:\\\/\\\/www.drquante.de\\\/#\\\/schema\\\/logo\\\/image\\\/\"}}]}<\/script>\n<!-- \/ Yoast SEO plugin. -->","yoast_head_json":{"title":"Dr. med. Markus Quante - Hausarzt M\u00fcnster Dr. Quante","description":"Ihr freundlicher Hausarzt und Internist in M\u00fcnster. Praxis Dr. Quante.","robots":{"index":"index","follow":"follow","max-snippet":"max-snippet:-1","max-image-preview":"max-image-preview:large","max-video-preview":"max-video-preview:-1"},"canonical":"https:\/\/www.drquante.de\/?page_id=11","og_locale":"de_DE","og_type":"article","og_title":"Dr. med. Markus Quante - Hausarzt M\u00fcnster Dr. Quante","og_description":"Ihr freundlicher Hausarzt und Internist in M\u00fcnster. Praxis Dr. Quante.","og_url":"https:\/\/www.drquante.de\/?page_id=11","og_site_name":"Hausarzt M\u00fcnster Dr. Quante","article_modified_time":"2023-01-07T09:17:30+00:00","og_image":[{"url":"https:\/\/www.drquante.de\/wp-content\/uploads\/2020\/01\/hausarzt-markusquante.jpg","type":"","width":"","height":""}],"twitter_card":"summary_large_image","twitter_misc":{"Gesch\u00e4tzte Lesezeit":"2\u00a0Minuten"},"schema":{"@context":"https:\/\/schema.org","@graph":[{"@type":"WebPage","@id":"https:\/\/www.drquante.de\/?page_id=11","url":"https:\/\/www.drquante.de\/?page_id=11","name":"Dr. med. Markus Quante - Hausarzt M\u00fcnster Dr. Quante","isPartOf":{"@id":"https:\/\/www.drquante.de\/#website"},"primaryImageOfPage":{"@id":"https:\/\/www.drquante.de\/?page_id=11#primaryimage"},"image":{"@id":"https:\/\/www.drquante.de\/?page_id=11#primaryimage"},"thumbnailUrl":"https:\/\/www.drquante.de\/wp-content\/uploads\/2020\/01\/hausarzt-markusquante.jpg","datePublished":"2019-12-21T11:58:27+00:00","dateModified":"2023-01-07T09:17:30+00:00","description":"Ihr freundlicher Hausarzt und Internist in M\u00fcnster. Praxis Dr. Quante.","breadcrumb":{"@id":"https:\/\/www.drquante.de\/?page_id=11#breadcrumb"},"inLanguage":"de","potentialAction":[{"@type":"ReadAction","target":["https:\/\/www.drquante.de\/?page_id=11"]}]},{"@type":"ImageObject","inLanguage":"de","@id":"https:\/\/www.drquante.de\/?page_id=11#primaryimage","url":"https:\/\/www.drquante.de\/wp-content\/uploads\/2020\/01\/hausarzt-markusquante.jpg","contentUrl":"https:\/\/www.drquante.de\/wp-content\/uploads\/2020\/01\/hausarzt-markusquante.jpg","width":600,"height":600,"caption":"Dr med Markus Quante"},{"@type":"BreadcrumbList","@id":"https:\/\/www.drquante.de\/?page_id=11#breadcrumb","itemListElement":[{"@type":"ListItem","position":1,"name":"Startseite","item":"https:\/\/www.drquante.de\/"},{"@type":"ListItem","position":2,"name":"Dr. med. Markus Quante"}]},{"@type":"WebSite","@id":"https:\/\/www.drquante.de\/#website","url":"https:\/\/www.drquante.de\/","name":"Hausarzt M\u00fcnster Dr. Quante","description":"","publisher":{"@id":"https:\/\/www.drquante.de\/#organization"},"potentialAction":[{"@type":"SearchAction","target":{"@type":"EntryPoint","urlTemplate":"https:\/\/www.drquante.de\/?s={search_term_string}"},"query-input":{"@type":"PropertyValueSpecification","valueRequired":true,"valueName":"search_term_string"}}],"inLanguage":"de"},{"@type":"Organization","@id":"https:\/\/www.drquante.de\/#organization","name":"Internisten und Haus\u00e4rzte - Arztpraxis Dr. Quante","url":"https:\/\/www.drquante.de\/","logo":{"@type":"ImageObject","inLanguage":"de","@id":"https:\/\/www.drquante.de\/#\/schema\/logo\/image\/","url":"","contentUrl":"","caption":"Internisten und Haus\u00e4rzte - Arztpraxis Dr. Quante"},"image":{"@id":"https:\/\/www.drquante.de\/#\/schema\/logo\/image\/"}}]}},"_links":{"self":[{"href":"https:\/\/www.drquante.de\/index.php?rest_route=\/wp\/v2\/pages\/11","targetHints":{"allow":["GET"]}}],"collection":[{"href":"https:\/\/www.drquante.de\/index.php?rest_route=\/wp\/v2\/pages"}],"about":[{"href":"https:\/\/www.drquante.de\/index.php?rest_route=\/wp\/v2\/types\/page"}],"author":[{"embeddable":true,"href":"https:\/\/www.drquante.de\/index.php?rest_route=\/wp\/v2\/users\/1"}],"replies":[{"embeddable":true,"href":"https:\/\/www.drquante.de\/index.php?rest_route=%2Fwp%2Fv2%2Fcomments&post=11"}],"version-history":[{"count":24,"href":"https:\/\/www.drquante.de\/index.php?rest_route=\/wp\/v2\/pages\/11\/revisions"}],"predecessor-version":[{"id":543,"href":"https:\/\/www.drquante.de\/index.php?rest_route=\/wp\/v2\/pages\/11\/revisions\/543"}],"wp:attachment":[{"href":"https:\/\/www.drquante.de\/index.php?rest_route=%2Fwp%2Fv2%2Fmedia&parent=11"}],"curies":[{"name":"wp","href":"https:\/\/api.w.org\/{rel}","templated":true}]}}